{"id":21,"date":"2025-09-08T14:23:58","date_gmt":"2025-09-08T14:23:58","guid":{"rendered":"https:\/\/cerclehebe.recherche.usherbrooke.ca\/developpement\/?page_id=21"},"modified":"2026-03-12T15:30:46","modified_gmt":"2026-03-12T19:30:46","slug":"recherche","status":"publish","type":"page","link":"https:\/\/cerclehebe.recherche.usherbrooke.ca\/index.php\/recherche\/","title":{"rendered":"Recherche"},"content":{"rendered":"\n<div class=\"wp-block-group alignfull has-global-padding is-layout-constrained wp-container-core-group-is-layout-490fa1db wp-block-group-is-layout-constrained\" style=\"padding-top:var(--wp--preset--spacing--50);padding-right:var(--wp--preset--spacing--50);padding-bottom:var(--wp--preset--spacing--50);padding-left:var(--wp--preset--spacing--50)\">\n<div class=\"wp-block-group has-global-padding is-layout-constrained wp-container-core-group-is-layout-650790e1 wp-block-group-is-layout-constrained\">\n<h1 class=\"wp-block-heading has-text-align-center has-x-large-font-size\">\u00c9nergie, Environnement et Confort dans les B\u00e2timents<\/h1>\n\n\n\n<div style=\"height:1.25rem\" aria-hidden=\"true\" class=\"wp-block-spacer\"><\/div>\n\n\n\n<p class=\"has-text-align-center\">Notre groupe de recherche explore l&rsquo;int\u00e9gration des b\u00e2timents, des syst\u00e8mes \u00e9nerg\u00e9tiques et des composantes environnementales pour cr\u00e9er des espaces int\u00e9rieurs et ext\u00e9rieurs qui soient efficaces, sains et confortables pour leurs occupants.<\/p>\n\n\n\n<div style=\"height:1.25rem\" aria-hidden=\"true\" class=\"wp-block-spacer\"><\/div>\n\n\n\n<div class=\"wp-block-buttons is-content-justification-center is-layout-flex wp-container-core-buttons-is-layout-a89b3969 wp-block-buttons-is-layout-flex\">\n<div class=\"wp-block-button\"><a class=\"wp-block-button__link wp-element-button\"><strong>\u00c0 propos de nous<\/strong><\/a><\/div>\n<\/div>\n<\/div>\n\n\n\n<div style=\"height:var(--wp--preset--spacing--30)\" aria-hidden=\"true\" class=\"wp-block-spacer\"><\/div>\n\n\n\n<figure class=\"wp-block-image size-full is-resized\"><img loading=\"lazy\" decoding=\"async\" width=\"604\" height=\"339\" src=\"https:\/\/cerclehebe.recherche.usherbrooke.ca\/wp-content\/uploads\/2025\/09\/image-1.png\" alt=\"\" class=\"wp-image-94\" style=\"width:620px;height:auto\" srcset=\"https:\/\/cerclehebe.recherche.usherbrooke.ca\/wp-content\/uploads\/2025\/09\/image-1.png 604w, https:\/\/cerclehebe.recherche.usherbrooke.ca\/wp-content\/uploads\/2025\/09\/image-1-300x168.png 300w\" sizes=\"auto, (max-width: 604px) 100vw, 604px\" \/><\/figure>\n<\/div>\n\n\n\n<div class=\"wp-block-group alignfull has-base-2-background-color has-background has-global-padding is-layout-constrained wp-container-core-group-is-layout-669513ed wp-block-group-is-layout-constrained\" style=\"margin-top:0;margin-bottom:0;padding-top:var(--wp--preset--spacing--50);padding-right:var(--wp--preset--spacing--50);padding-bottom:var(--wp--preset--spacing--50);padding-left:var(--wp--preset--spacing--50)\">\n<div class=\"wp-block-group is-vertical is-content-justification-center is-layout-flex wp-container-core-group-is-layout-52b864f0 wp-block-group-is-layout-flex\">\n<h2 class=\"wp-block-heading has-text-align-center is-style-asterisk\"><strong><strong>Domaines de recherche<\/strong><\/strong><\/h2>\n\n\n\n<div style=\"height:0px\" aria-hidden=\"true\" class=\"wp-block-spacer wp-container-content-4f2ccadb\"><\/div>\n\n\n\n<p class=\"has-text-align-center\">En combinant la simulation avanc\u00e9e, des \u00e9tudes de terrain rigoureuses et une analyse ax\u00e9e sur les donn\u00e9es, nous d\u00e9veloppons des solutions innovantes qui optimisent les environnements b\u00e2tis, am\u00e9liorent l&rsquo;efficacit\u00e9 des b\u00e2timents et la r\u00e9silience urbaine.<\/p>\n<\/div>\n\n\n\n<div style=\"margin-top:0;margin-bottom:0;height:var(--wp--preset--spacing--40)\" aria-hidden=\"true\" class=\"wp-block-spacer\"><\/div>\n\n\n\n<div class=\"wp-block-columns alignwide is-layout-flex wp-container-core-columns-is-layout-d0bbbce0 wp-block-columns-is-layout-flex\">\n<div class=\"wp-block-column is-layout-flow wp-container-core-column-is-layout-e3d1c41b wp-block-column-is-layout-flow\">\n<h3 class=\"wp-block-heading has-text-align-left is-style-asterisk has-body-font-family has-medium-font-size\" style=\"font-style:normal;font-weight:600\"><strong><strong>Performance des B\u00e2timents &amp; Syst\u00e8mes \u00c9nerg\u00e9tiques<\/strong><\/strong><\/h3>\n\n\n\n<p class=\"has-text-align-left\">Nous analysons des syst\u00e8mes de CVCA innovants, des contr\u00f4les intelligents et des composants de b\u00e2timent pour r\u00e9duire consid\u00e9rablement la demande \u00e9nerg\u00e9tique tout en maintenant des conditions int\u00e9rieures sup\u00e9rieures.<\/p>\n<\/div>\n\n\n\n<div class=\"wp-block-column is-layout-flow wp-container-core-column-is-layout-e3d1c41b wp-block-column-is-layout-flow\">\n<h3 class=\"wp-block-heading has-text-align-left is-style-asterisk has-body-font-family has-medium-font-size\" style=\"font-style:normal;font-weight:600\"><strong><strong>Microclimat Urbain &amp; R\u00e9silience<\/strong><\/strong><\/h3>\n\n\n\n<p class=\"has-text-align-left\">Notre attention s&rsquo;\u00e9tend au-del\u00e0 du b\u00e2timent individuel pour englober l&rsquo;\u00e9chelle du quartier et de la ville. Nous \u00e9tudions l&rsquo;effet d&rsquo;\u00eelot de chaleur urbain, les r\u00e9gimes de vent et l&rsquo;impact de la conception urbaine sur la consommation d&rsquo;\u00e9nergie et le confort ext\u00e9rieur.<\/p>\n<\/div>\n\n\n\n<div class=\"wp-block-column is-layout-flow wp-container-core-column-is-layout-e3d1c41b wp-block-column-is-layout-flow\">\n<h3 class=\"wp-block-heading has-text-align-left is-style-asterisk has-body-font-family has-medium-font-size\" style=\"font-style:normal;font-weight:600\"><strong><strong>Qualit\u00e9 de l&rsquo;Environnement Int\u00e9rieur (QEI) &amp; Confort<\/strong><\/strong><\/h3>\n\n\n\n<p class=\"has-text-align-left\">Nous \u00e9tudions l&rsquo;interaction complexe entre la circulation de l&rsquo;air, le confort thermique et la qualit\u00e9 de l&rsquo;air. Notre objectif est de cr\u00e9er des espaces qui non seulement conservent l&rsquo;\u00e9nergie, mais favorisent \u00e9galement la sant\u00e9 des occupants.<\/p>\n<\/div>\n<\/div>\n\n\n\n<div style=\"height:var(--wp--preset--spacing--20)\" aria-hidden=\"true\" class=\"wp-block-spacer\"><\/div>\n<\/div>\n\n\n\n<div class=\"wp-block-group alignfull has-base-color has-contrast-background-color has-text-color has-background has-global-padding is-layout-constrained wp-container-core-group-is-layout-ef3d885c wp-block-group-is-layout-constrained\" style=\"margin-top:0;margin-bottom:0;padding-top:var(--wp--preset--spacing--60);padding-right:var(--wp--preset--spacing--60);padding-bottom:var(--wp--preset--spacing--60);padding-left:var(--wp--preset--spacing--60)\">\n<div class=\"wp-block-group has-global-padding is-layout-constrained wp-block-group-is-layout-constrained\">\n<p class=\"has-text-align-center has-base-color has-text-color has-heading-font-family has-x-large-font-size\" style=\"line-height:1.2\"><em><strong><strong>Int\u00e9ress\u00e9(e) \u00e0 fa\u00e7onner l&rsquo;avenir des b\u00e2timents durables?<\/strong><\/strong><\/em><\/p>\n<\/div>\n<\/div>\n\n\n\n<div class=\"wp-block-group alignfull has-global-padding is-layout-constrained wp-container-core-group-is-layout-d89aad35 wp-block-group-is-layout-constrained\" style=\"margin-top:0;margin-bottom:0;padding-top:var(--wp--preset--spacing--50);padding-right:var(--wp--preset--spacing--50);padding-bottom:var(--wp--preset--spacing--50);padding-left:var(--wp--preset--spacing--50)\"><\/div>\n\n\n\n<p><\/p>\n","protected":false},"excerpt":{"rendered":"<p>\u00c9nergie, Environnement et Confort dans les B\u00e2timents Notre groupe de recherche explore l&rsquo;int\u00e9gration des b\u00e2timents, des syst\u00e8mes \u00e9nerg\u00e9tiques et des composantes environnementales pour cr\u00e9er des espaces int\u00e9rieurs et ext\u00e9rieurs qui soient efficaces, sains et confortables pour leurs occupants. Domaines de recherche En combinant la simulation avanc\u00e9e, des \u00e9tudes de terrain rigoureuses et une analyse ax\u00e9e [&hellip;]<\/p>\n","protected":false},"author":1,"featured_media":0,"parent":0,"menu_order":0,"comment_status":"closed","ping_status":"closed","template":"","meta":{"footnotes":""},"class_list":["post-21","page","type-page","status-publish","hentry"],"_links":{"self":[{"href":"https:\/\/cerclehebe.recherche.usherbrooke.ca\/index.php\/wp-json\/wp\/v2\/pages\/21","targetHints":{"allow":["GET"]}}],"collection":[{"href":"https:\/\/cerclehebe.recherche.usherbrooke.ca\/index.php\/wp-json\/wp\/v2\/pages"}],"about":[{"href":"https:\/\/cerclehebe.recherche.usherbrooke.ca\/index.php\/wp-json\/wp\/v2\/types\/page"}],"author":[{"embeddable":true,"href":"https:\/\/cerclehebe.recherche.usherbrooke.ca\/index.php\/wp-json\/wp\/v2\/users\/1"}],"replies":[{"embeddable":true,"href":"https:\/\/cerclehebe.recherche.usherbrooke.ca\/index.php\/wp-json\/wp\/v2\/comments?post=21"}],"version-history":[{"count":7,"href":"https:\/\/cerclehebe.recherche.usherbrooke.ca\/index.php\/wp-json\/wp\/v2\/pages\/21\/revisions"}],"predecessor-version":[{"id":212,"href":"https:\/\/cerclehebe.recherche.usherbrooke.ca\/index.php\/wp-json\/wp\/v2\/pages\/21\/revisions\/212"}],"wp:attachment":[{"href":"https:\/\/cerclehebe.recherche.usherbrooke.ca\/index.php\/wp-json\/wp\/v2\/media?parent=21"}],"curies":[{"name":"wp","href":"https:\/\/api.w.org\/{rel}","templated":true}]}}