{"id":23,"date":"2025-09-08T14:24:10","date_gmt":"2025-09-08T14:24:10","guid":{"rendered":"https:\/\/cerclehebe.recherche.usherbrooke.ca\/developpement\/?page_id=23"},"modified":"2026-03-11T15:45:07","modified_gmt":"2026-03-11T19:45:07","slug":"nouvelles","status":"publish","type":"page","link":"https:\/\/cerclehebe.recherche.usherbrooke.ca\/index.php\/nouvelles\/","title":{"rendered":"Nouvelles"},"content":{"rendered":"\n<div class=\"wp-block-group alignfull has-global-padding is-layout-constrained wp-container-core-group-is-layout-490fa1db wp-block-group-is-layout-constrained\" style=\"padding-top:var(--wp--preset--spacing--50);padding-right:var(--wp--preset--spacing--50);padding-bottom:var(--wp--preset--spacing--50);padding-left:var(--wp--preset--spacing--50)\">\n<div class=\"wp-block-group has-global-padding is-layout-constrained wp-container-core-group-is-layout-650790e1 wp-block-group-is-layout-constrained\">\n<h6 class=\"wp-block-heading has-text-align-center has-large-font-size\"><strong>eSim 2026<\/strong>:<strong> <strong>Faire progresser la durabilit\u00e9 et la r\u00e9silience climatique<\/strong><\/strong><\/h6>\n<\/div>\n\n\n\n<p class=\"has-text-align-center\">Forts du succ\u00e8s d&rsquo;eSim 2024, qui s&rsquo;est tenue \u00e0 l&rsquo;Universit\u00e9 de l&rsquo;Alberta \u2013 o\u00f9 des experts se sont r\u00e9unis pour partager leurs connaissances sur la performance des b\u00e2timents durables \u2013 nous sommes ravis de poursuivre sur cette lanc\u00e9e avec eSim 2026, la 14e conf\u00e9rence sur la simulation de la performance des b\u00e2timents, organis\u00e9e sous les auspices d&rsquo;IBPSA-Canada. L&rsquo;\u00e9v\u00e9nement aura lieu sur le Campus de Longueuil de l&rsquo;Universit\u00e9 de Sherbrooke, du 17 au 19 juin 2026.<\/p>\n\n\n\n<figure class=\"wp-block-image size-full\"><img loading=\"lazy\" decoding=\"async\" width=\"816\" height=\"547\" src=\"https:\/\/cerclehebe.recherche.usherbrooke.ca\/wp-content\/uploads\/2025\/09\/image-3.png\" alt=\"\" class=\"wp-image-106\" srcset=\"https:\/\/cerclehebe.recherche.usherbrooke.ca\/wp-content\/uploads\/2025\/09\/image-3.png 816w, https:\/\/cerclehebe.recherche.usherbrooke.ca\/wp-content\/uploads\/2025\/09\/image-3-300x201.png 300w, https:\/\/cerclehebe.recherche.usherbrooke.ca\/wp-content\/uploads\/2025\/09\/image-3-768x515.png 768w\" sizes=\"auto, (max-width: 816px) 100vw, 816px\" \/><\/figure>\n\n\n\n<p class=\"has-text-align-center\"><\/p>\n<\/div>\n\n\n\n<div class=\"wp-block-group alignfull has-global-padding is-layout-constrained wp-container-core-group-is-layout-d89aad35 wp-block-group-is-layout-constrained\" style=\"margin-top:0;margin-bottom:0;padding-top:var(--wp--preset--spacing--50);padding-right:var(--wp--preset--spacing--50);padding-bottom:var(--wp--preset--spacing--50);padding-left:var(--wp--preset--spacing--50)\">\n<div class=\"wp-block-group alignwide has-global-padding is-layout-constrained wp-container-core-group-is-layout-19e250f3 wp-block-group-is-layout-constrained\">\n<div class=\"wp-block-group is-vertical is-content-justification-center is-layout-flex wp-container-core-group-is-layout-6329a8f3 wp-block-group-is-layout-flex\">\n<h2 class=\"wp-block-heading has-text-align-center is-style-asterisk\">Bienvenue \u00e0 eSim2026!<\/h2>\n\n\n\n<p class=\"has-text-align-left\"><strong>Date limite de soumission des r\u00e9sum\u00e9s : 1er octobre 2025<\/strong><\/p>\n\n\n\n<p class=\"has-text-align-center\">Pour plus d&rsquo;informations, cliquez ici: <a href=\"https:\/\/event.fourwaves.com\/esim2026\/pages\">https:\/\/event.fourwaves.com\/esim2026\/pages<\/a><\/p>\n\n\n\n<figure class=\"wp-block-image size-large\"><img loading=\"lazy\" decoding=\"async\" width=\"1024\" height=\"818\" src=\"https:\/\/cerclehebe.recherche.usherbrooke.ca\/wp-content\/uploads\/2025\/09\/image-2-1024x818.png\" alt=\"\" class=\"wp-image-104\" srcset=\"https:\/\/cerclehebe.recherche.usherbrooke.ca\/wp-content\/uploads\/2025\/09\/image-2-1024x818.png 1024w, https:\/\/cerclehebe.recherche.usherbrooke.ca\/wp-content\/uploads\/2025\/09\/image-2-300x240.png 300w, https:\/\/cerclehebe.recherche.usherbrooke.ca\/wp-content\/uploads\/2025\/09\/image-2-768x613.png 768w, https:\/\/cerclehebe.recherche.usherbrooke.ca\/wp-content\/uploads\/2025\/09\/image-2.png 1330w\" sizes=\"auto, (max-width: 1024px) 100vw, 1024px\" \/><\/figure>\n<\/div>\n\n\n\n<div class=\"wp-block-columns alignwide is-layout-flex wp-container-core-columns-is-layout-d1c656ed wp-block-columns-is-layout-flex\">\n<div class=\"wp-block-column is-layout-flow wp-block-column-is-layout-flow\" style=\"flex-basis:50%\"><\/div>\n\n\n\n<div class=\"wp-block-column is-vertically-aligned-center is-layout-flow wp-block-column-is-layout-flow\" style=\"flex-basis:40%\"><\/div>\n<\/div>\n<\/div>\n<\/div>\n","protected":false},"excerpt":{"rendered":"<p>eSim 2026: Faire progresser la durabilit\u00e9 et la r\u00e9silience climatique Forts du succ\u00e8s d&rsquo;eSim 2024, qui s&rsquo;est tenue \u00e0 l&rsquo;Universit\u00e9 de l&rsquo;Alberta \u2013 o\u00f9 des experts se sont r\u00e9unis pour partager leurs connaissances sur la performance des b\u00e2timents durables \u2013 nous sommes ravis de poursuivre sur cette lanc\u00e9e avec eSim 2026, la 14e conf\u00e9rence sur [&hellip;]<\/p>\n","protected":false},"author":1,"featured_media":0,"parent":0,"menu_order":0,"comment_status":"closed","ping_status":"closed","template":"","meta":{"footnotes":""},"class_list":["post-23","page","type-page","status-publish","hentry"],"_links":{"self":[{"href":"https:\/\/cerclehebe.recherche.usherbrooke.ca\/index.php\/wp-json\/wp\/v2\/pages\/23","targetHints":{"allow":["GET"]}}],"collection":[{"href":"https:\/\/cerclehebe.recherche.usherbrooke.ca\/index.php\/wp-json\/wp\/v2\/pages"}],"about":[{"href":"https:\/\/cerclehebe.recherche.usherbrooke.ca\/index.php\/wp-json\/wp\/v2\/types\/page"}],"author":[{"embeddable":true,"href":"https:\/\/cerclehebe.recherche.usherbrooke.ca\/index.php\/wp-json\/wp\/v2\/users\/1"}],"replies":[{"embeddable":true,"href":"https:\/\/cerclehebe.recherche.usherbrooke.ca\/index.php\/wp-json\/wp\/v2\/comments?post=23"}],"version-history":[{"count":8,"href":"https:\/\/cerclehebe.recherche.usherbrooke.ca\/index.php\/wp-json\/wp\/v2\/pages\/23\/revisions"}],"predecessor-version":[{"id":203,"href":"https:\/\/cerclehebe.recherche.usherbrooke.ca\/index.php\/wp-json\/wp\/v2\/pages\/23\/revisions\/203"}],"wp:attachment":[{"href":"https:\/\/cerclehebe.recherche.usherbrooke.ca\/index.php\/wp-json\/wp\/v2\/media?parent=23"}],"curies":[{"name":"wp","href":"https:\/\/api.w.org\/{rel}","templated":true}]}}